{"id":42,"date":"2023-06-28T15:28:22","date_gmt":"2023-06-28T15:28:22","guid":{"rendered":"https:\/\/solvofilm.com\/blog\/"},"modified":"2026-04-16T22:11:33","modified_gmt":"2026-04-16T22:11:33","slug":"blog","status":"publish","type":"page","link":"https:\/\/solvofilm.com\/en\/blog\/","title":{"rendered":"Blog"},"content":{"rendered":"<div data-elementor-type=\"wp-page\" data-elementor-id=\"42\" class=\"elementor elementor-42\" data-elementor-post-type=\"page\">\n\t\t\t\t\t\t<section class=\"elementor-section elementor-top-section elementor-element elementor-element-26b51f42 elementor-section-boxed elementor-section-height-default elementor-section-height-default\" data-id=\"26b51f42\" data-element_type=\"section\" data-e-type=\"section\" data-settings=\"{&quot;background_background&quot;:&quot;classic&quot;}\">\n\t\t\t\t\t\t<div class=\"elementor-container elementor-column-gap-default\">\n\t\t\t\t\t<div class=\"elementor-column elementor-col-100 elementor-top-column elementor-element elementor-element-4eec5fb8\" data-id=\"4eec5fb8\" data-element_type=\"column\" data-e-type=\"column\">\n\t\t\t<div class=\"elementor-widget-wrap elementor-element-populated\">\n\t\t\t\t\t\t<div class=\"elementor-element elementor-element-32043b9 elementor-widget elementor-widget-heading\" data-id=\"32043b9\" data-element_type=\"widget\" data-e-type=\"widget\" data-widget_type=\"heading.default\">\n\t\t\t\t<div class=\"elementor-widget-container\">\n\t\t\t\t\t<h1 class=\"elementor-heading-title elementor-size-default\">Przewodnik po wideo marketingu<\/h1>\t\t\t\t<\/div>\n\t\t\t\t<\/div>\n\t\t\t\t<div class=\"elementor-element elementor-element-0952031 elementor-posts--align-left elementor-grid-4 elementor-grid-tablet-2 elementor-grid-mobile-1 elementor-posts--thumbnail-top elementor-posts__hover-gradient elementor-widget elementor-widget-posts\" data-id=\"0952031\" data-element_type=\"widget\" data-e-type=\"widget\" data-settings=\"{&quot;pagination_type&quot;:&quot;numbers_and_prev_next&quot;,&quot;cards_columns&quot;:&quot;4&quot;,&quot;cards_columns_tablet&quot;:&quot;2&quot;,&quot;cards_columns_mobile&quot;:&quot;1&quot;,&quot;cards_row_gap&quot;:{&quot;unit&quot;:&quot;px&quot;,&quot;size&quot;:35,&quot;sizes&quot;:[]},&quot;cards_row_gap_tablet&quot;:{&quot;unit&quot;:&quot;px&quot;,&quot;size&quot;:&quot;&quot;,&quot;sizes&quot;:[]},&quot;cards_row_gap_mobile&quot;:{&quot;unit&quot;:&quot;px&quot;,&quot;size&quot;:&quot;&quot;,&quot;sizes&quot;:[]}}\" data-widget_type=\"posts.cards\">\n\t\t\t\t<div class=\"elementor-widget-container\">\n\t\t\t\t\t\t\t<div class=\"elementor-posts-container elementor-posts elementor-posts--skin-cards elementor-grid\" role=\"list\">\n\t\t\t\t<article class=\"elementor-post elementor-grid-item post-7431 post type-post status-publish format-standard has-post-thumbnail hentry category-uncategorized\" role=\"listitem\">\n\t\t\t<div class=\"elementor-post__card\">\n\t\t\t\t<a class=\"elementor-post__thumbnail__link\" href=\"https:\/\/solvofilm.com\/en\/2026\/04\/12\/jak-promowac-film-reklamowy-po-publikacji\/\" tabindex=\"-1\" ><div class=\"elementor-post__thumbnail\"><img fetchpriority=\"high\" decoding=\"async\" width=\"768\" height=\"432\" src=\"https:\/\/solvofilm.com\/wp-content\/uploads\/2026\/04\/Jak-promowac-film-reklamowy-po-publikacji-768x432.webp\" class=\"attachment-medium_large size-medium_large wp-image-7433\" alt=\"\" srcset=\"https:\/\/solvofilm.com\/wp-content\/uploads\/2026\/04\/Jak-promowac-film-reklamowy-po-publikacji-768x432.webp 768w, https:\/\/solvofilm.com\/wp-content\/uploads\/2026\/04\/Jak-promowac-film-reklamowy-po-publikacji-300x169.webp 300w, https:\/\/solvofilm.com\/wp-content\/uploads\/2026\/04\/Jak-promowac-film-reklamowy-po-publikacji-1024x576.webp 1024w, https:\/\/solvofilm.com\/wp-content\/uploads\/2026\/04\/Jak-promowac-film-reklamowy-po-publikacji-18x10.webp 18w, https:\/\/solvofilm.com\/wp-content\/uploads\/2026\/04\/Jak-promowac-film-reklamowy-po-publikacji.webp 1280w\" sizes=\"(max-width: 768px) 100vw, 768px\"><\/div><\/a>\n\t\t\t\t<div class=\"elementor-post__text\">\n\t\t\t\t<h3 class=\"elementor-post__title\">\n\t\t\t<a href=\"https:\/\/solvofilm.com\/en\/2026\/04\/12\/jak-promowac-film-reklamowy-po-publikacji\/\" >\n\t\t\t\tJak promowa\u0107 film reklamowy po publikacji?\t\t\t<\/a>\n\t\t<\/h3>\n\t\t\t\t<div class=\"elementor-post__excerpt\">\n\t\t\t<p>Zwi\u0119ksz zasi\u0119g i konwersj\u0119 filmu dzi\u0119ki sprawdzonej dystrybucji i dopasowaniu do kana\u0142\u00f3w. Zobacz co dzia\u0142a i wykorzystaj materia\u0142 w pe\u0142ni<\/p>\t\t<\/div>\n\t\t\t\t\t<div class=\"elementor-post__read-more-wrapper\">\n\t\t\n\t\t<a class=\"elementor-post__read-more\" href=\"https:\/\/solvofilm.com\/en\/2026\/04\/12\/jak-promowac-film-reklamowy-po-publikacji\/\" aria-label=\"Read more about Jak promowa\u0107 film reklamowy po publikacji?\" tabindex=\"-1\" >\n\t\t\tRead more...\t\t<\/a>\n\n\t\t\t\t\t<\/div>\n\t\t\t\t<\/div>\n\t\t\t\t\t<\/div>\n\t\t<\/article>\n\t\t\t\t<article class=\"elementor-post elementor-grid-item post-7421 post type-post status-publish format-standard has-post-thumbnail hentry category-uncategorized\" role=\"listitem\">\n\t\t\t<div class=\"elementor-post__card\">\n\t\t\t\t<a class=\"elementor-post__thumbnail__link\" href=\"https:\/\/solvofilm.com\/en\/2026\/04\/10\/ile-trwa-produkcja-filmu-reklamowego\/\" tabindex=\"-1\" ><div class=\"elementor-post__thumbnail\"><img decoding=\"async\" width=\"768\" height=\"432\" src=\"https:\/\/solvofilm.com\/wp-content\/uploads\/2026\/04\/Ile-trwa-produkcja-filmu-reklamowego-768x432.webp\" class=\"attachment-medium_large size-medium_large wp-image-7427\" alt=\"\" srcset=\"https:\/\/solvofilm.com\/wp-content\/uploads\/2026\/04\/Ile-trwa-produkcja-filmu-reklamowego-768x432.webp 768w, https:\/\/solvofilm.com\/wp-content\/uploads\/2026\/04\/Ile-trwa-produkcja-filmu-reklamowego-300x169.webp 300w, https:\/\/solvofilm.com\/wp-content\/uploads\/2026\/04\/Ile-trwa-produkcja-filmu-reklamowego-1024x576.webp 1024w, https:\/\/solvofilm.com\/wp-content\/uploads\/2026\/04\/Ile-trwa-produkcja-filmu-reklamowego-18x10.webp 18w, https:\/\/solvofilm.com\/wp-content\/uploads\/2026\/04\/Ile-trwa-produkcja-filmu-reklamowego.webp 1280w\" sizes=\"(max-width: 768px) 100vw, 768px\"><\/div><\/a>\n\t\t\t\t<div class=\"elementor-post__text\">\n\t\t\t\t<h3 class=\"elementor-post__title\">\n\t\t\t<a href=\"https:\/\/solvofilm.com\/en\/2026\/04\/10\/ile-trwa-produkcja-filmu-reklamowego\/\" >\n\t\t\t\tIle trwa produkcja filmu reklamowego?\t\t\t<\/a>\n\t\t<\/h3>\n\t\t\t\t<div class=\"elementor-post__excerpt\">\n\t\t\t<p>Sprawd\u017a, ile trwa produkcja filmu i co realnie j\u0105 wyd\u0142u\u017ca. Zobacz, jak planowa\u0107 projekt, by unikn\u0105\u0107 op\u00f3\u017anie\u0144 i przyspieszy\u0107 realizacj\u0119.<\/p>\t\t<\/div>\n\t\t\t\t\t<div class=\"elementor-post__read-more-wrapper\">\n\t\t\n\t\t<a class=\"elementor-post__read-more\" href=\"https:\/\/solvofilm.com\/en\/2026\/04\/10\/ile-trwa-produkcja-filmu-reklamowego\/\" aria-label=\"Read more about Ile trwa produkcja filmu reklamowego?\" tabindex=\"-1\" >\n\t\t\tRead more...\t\t<\/a>\n\n\t\t\t\t\t<\/div>\n\t\t\t\t<\/div>\n\t\t\t\t\t<\/div>\n\t\t<\/article>\n\t\t\t\t<article class=\"elementor-post elementor-grid-item post-7249 post type-post status-publish format-standard has-post-thumbnail hentry category-uncategorized\" role=\"listitem\">\n\t\t\t<div class=\"elementor-post__card\">\n\t\t\t\t<a class=\"elementor-post__thumbnail__link\" href=\"https:\/\/solvofilm.com\/en\/2026\/04\/07\/czy-podawac-budzet-przy-wycenie-filmu-dla-firmy\/\" tabindex=\"-1\" ><div class=\"elementor-post__thumbnail\"><img decoding=\"async\" width=\"768\" height=\"432\" src=\"https:\/\/solvofilm.com\/wp-content\/uploads\/2026\/04\/Czy-podawac-budzet-przy-wycenie-filmu-dla-firmy-768x432.webp\" class=\"attachment-medium_large size-medium_large wp-image-7252\" alt=\"\" srcset=\"https:\/\/solvofilm.com\/wp-content\/uploads\/2026\/04\/Czy-podawac-budzet-przy-wycenie-filmu-dla-firmy-768x432.webp 768w, https:\/\/solvofilm.com\/wp-content\/uploads\/2026\/04\/Czy-podawac-budzet-przy-wycenie-filmu-dla-firmy-300x169.webp 300w, https:\/\/solvofilm.com\/wp-content\/uploads\/2026\/04\/Czy-podawac-budzet-przy-wycenie-filmu-dla-firmy-1024x576.webp 1024w, https:\/\/solvofilm.com\/wp-content\/uploads\/2026\/04\/Czy-podawac-budzet-przy-wycenie-filmu-dla-firmy-18x10.webp 18w, https:\/\/solvofilm.com\/wp-content\/uploads\/2026\/04\/Czy-podawac-budzet-przy-wycenie-filmu-dla-firmy.webp 1280w\" sizes=\"(max-width: 768px) 100vw, 768px\"><\/div><\/a>\n\t\t\t\t<div class=\"elementor-post__text\">\n\t\t\t\t<h3 class=\"elementor-post__title\">\n\t\t\t<a href=\"https:\/\/solvofilm.com\/en\/2026\/04\/07\/czy-podawac-budzet-przy-wycenie-filmu-dla-firmy\/\" >\n\t\t\t\tCzy podawa\u0107 bud\u017cet przy wycenie filmu dla firmy?\t\t\t<\/a>\n\t\t<\/h3>\n\t\t\t\t<div class=\"elementor-post__excerpt\">\n\t\t\t<p>Sprawd\u017a, kiedy ujawnienie bud\u017cetu przyspiesza wycen\u0119 i poprawia efekt ko\u0144cowy. Podejmij \u015bwiadom\u0105 decyzj\u0119 i uniknij typowych b\u0142\u0119d\u00f3w.<\/p>\t\t<\/div>\n\t\t\t\t\t<div class=\"elementor-post__read-more-wrapper\">\n\t\t\n\t\t<a class=\"elementor-post__read-more\" href=\"https:\/\/solvofilm.com\/en\/2026\/04\/07\/czy-podawac-budzet-przy-wycenie-filmu-dla-firmy\/\" aria-label=\"Read more about Czy podawa\u0107 bud\u017cet przy wycenie filmu dla firmy?\" tabindex=\"-1\" >\n\t\t\tRead more...\t\t<\/a>\n\n\t\t\t\t\t<\/div>\n\t\t\t\t<\/div>\n\t\t\t\t\t<\/div>\n\t\t<\/article>\n\t\t\t\t<article class=\"elementor-post elementor-grid-item post-7240 post type-post status-publish format-standard has-post-thumbnail hentry category-uncategorized\" role=\"listitem\">\n\t\t\t<div class=\"elementor-post__card\">\n\t\t\t\t<a class=\"elementor-post__thumbnail__link\" href=\"https:\/\/solvofilm.com\/en\/2026\/04\/02\/film-wizerunkowy-a-reklamowy\/\" tabindex=\"-1\" ><div class=\"elementor-post__thumbnail\"><img loading=\"lazy\" decoding=\"async\" width=\"768\" height=\"432\" src=\"https:\/\/solvofilm.com\/wp-content\/uploads\/2026\/04\/Film-wizerunkowy-a-reklamowy-768x432.webp\" class=\"attachment-medium_large size-medium_large wp-image-7244\" alt=\"\" srcset=\"https:\/\/solvofilm.com\/wp-content\/uploads\/2026\/04\/Film-wizerunkowy-a-reklamowy-768x432.webp 768w, https:\/\/solvofilm.com\/wp-content\/uploads\/2026\/04\/Film-wizerunkowy-a-reklamowy-300x169.webp 300w, https:\/\/solvofilm.com\/wp-content\/uploads\/2026\/04\/Film-wizerunkowy-a-reklamowy-1024x576.webp 1024w, https:\/\/solvofilm.com\/wp-content\/uploads\/2026\/04\/Film-wizerunkowy-a-reklamowy-18x10.webp 18w, https:\/\/solvofilm.com\/wp-content\/uploads\/2026\/04\/Film-wizerunkowy-a-reklamowy.webp 1280w\" sizes=\"(max-width: 768px) 100vw, 768px\"><\/div><\/a>\n\t\t\t\t<div class=\"elementor-post__text\">\n\t\t\t\t<h3 class=\"elementor-post__title\">\n\t\t\t<a href=\"https:\/\/solvofilm.com\/en\/2026\/04\/02\/film-wizerunkowy-a-reklamowy\/\" >\n\t\t\t\tFilm wizerunkowy a reklamowy \u2013 czym si\u0119 r\u00f3\u017cni\u0105 i kt\u00f3ry wybra\u0107?\t\t\t<\/a>\n\t\t<\/h3>\n\t\t\t\t<div class=\"elementor-post__excerpt\">\n\t\t\t<p>Dowiedz si\u0119, jaki format wideo realnie wspiera sprzeda\u017c lub buduje zaufanie i wybierz \u015bwiadomie. Sprawd\u017a, co sprawdzi si\u0119 u Ciebie.<\/p>\t\t<\/div>\n\t\t\t\t\t<div class=\"elementor-post__read-more-wrapper\">\n\t\t\n\t\t<a class=\"elementor-post__read-more\" href=\"https:\/\/solvofilm.com\/en\/2026\/04\/02\/film-wizerunkowy-a-reklamowy\/\" aria-label=\"Read more about Film wizerunkowy a reklamowy \u2013 czym si\u0119 r\u00f3\u017cni\u0105 i kt\u00f3ry wybra\u0107?\" tabindex=\"-1\" >\n\t\t\tRead more...\t\t<\/a>\n\n\t\t\t\t\t<\/div>\n\t\t\t\t<\/div>\n\t\t\t\t\t<\/div>\n\t\t<\/article>\n\t\t\t\t<article class=\"elementor-post elementor-grid-item post-7236 post type-post status-publish format-standard has-post-thumbnail hentry category-uncategorized\" role=\"listitem\">\n\t\t\t<div class=\"elementor-post__card\">\n\t\t\t\t<a class=\"elementor-post__thumbnail__link\" href=\"https:\/\/solvofilm.com\/en\/2026\/04\/01\/video-faq-nowy-trend-w-obsludze-klienta\/\" tabindex=\"-1\" ><div class=\"elementor-post__thumbnail\"><img loading=\"lazy\" decoding=\"async\" width=\"768\" height=\"432\" src=\"https:\/\/solvofilm.com\/wp-content\/uploads\/2026\/04\/Video-FAQ-\u2013-nowy-trend-w-obsludze-klienta-768x432.webp\" class=\"attachment-medium_large size-medium_large wp-image-7238\" alt=\"\" srcset=\"https:\/\/solvofilm.com\/wp-content\/uploads\/2026\/04\/Video-FAQ-\u2013-nowy-trend-w-obsludze-klienta-768x432.webp 768w, https:\/\/solvofilm.com\/wp-content\/uploads\/2026\/04\/Video-FAQ-\u2013-nowy-trend-w-obsludze-klienta-300x169.webp 300w, https:\/\/solvofilm.com\/wp-content\/uploads\/2026\/04\/Video-FAQ-\u2013-nowy-trend-w-obsludze-klienta-1024x576.webp 1024w, https:\/\/solvofilm.com\/wp-content\/uploads\/2026\/04\/Video-FAQ-\u2013-nowy-trend-w-obsludze-klienta-18x10.webp 18w, https:\/\/solvofilm.com\/wp-content\/uploads\/2026\/04\/Video-FAQ-\u2013-nowy-trend-w-obsludze-klienta.webp 1280w\" sizes=\"(max-width: 768px) 100vw, 768px\"><\/div><\/a>\n\t\t\t\t<div class=\"elementor-post__text\">\n\t\t\t\t<h3 class=\"elementor-post__title\">\n\t\t\t<a href=\"https:\/\/solvofilm.com\/en\/2026\/04\/01\/video-faq-nowy-trend-w-obsludze-klienta\/\" >\n\t\t\t\tVideo FAQ \u2013 nowy trend w obs\u0142udze klienta\t\t\t<\/a>\n\t\t<\/h3>\n\t\t\t\t<div class=\"elementor-post__excerpt\">\n\t\t\t<p>Video FAQ skraca czas obs\u0142ugi i odci\u0105\u017ca support. Zobacz, jak wdro\u017cy\u0107 proste wideo, kt\u00f3re rozwi\u0105zuje realne problemy klient\u00f3w i dzia\u0142a od razu.<\/p>\t\t<\/div>\n\t\t\t\t\t<div class=\"elementor-post__read-more-wrapper\">\n\t\t\n\t\t<a class=\"elementor-post__read-more\" href=\"https:\/\/solvofilm.com\/en\/2026\/04\/01\/video-faq-nowy-trend-w-obsludze-klienta\/\" aria-label=\"Read more about Video FAQ \u2013 nowy trend w obs\u0142udze klienta\" tabindex=\"-1\" >\n\t\t\tRead more...\t\t<\/a>\n\n\t\t\t\t\t<\/div>\n\t\t\t\t<\/div>\n\t\t\t\t\t<\/div>\n\t\t<\/article>\n\t\t\t\t<article class=\"elementor-post elementor-grid-item post-7222 post type-post status-publish format-standard has-post-thumbnail hentry category-uncategorized\" role=\"listitem\">\n\t\t\t<div class=\"elementor-post__card\">\n\t\t\t\t<a class=\"elementor-post__thumbnail__link\" href=\"https:\/\/solvofilm.com\/en\/2026\/02\/26\/jak-skutecznie-promowac-gotowy-film-reklamowy\/\" tabindex=\"-1\" ><div class=\"elementor-post__thumbnail\"><img loading=\"lazy\" decoding=\"async\" width=\"768\" height=\"432\" src=\"https:\/\/solvofilm.com\/wp-content\/uploads\/2026\/02\/Jak-skutecznie-promowac-gotowy-film-reklamowy-w-sieci-768x432.webp\" class=\"attachment-medium_large size-medium_large wp-image-7228\" alt=\"\" srcset=\"https:\/\/solvofilm.com\/wp-content\/uploads\/2026\/02\/Jak-skutecznie-promowac-gotowy-film-reklamowy-w-sieci-768x432.webp 768w, https:\/\/solvofilm.com\/wp-content\/uploads\/2026\/02\/Jak-skutecznie-promowac-gotowy-film-reklamowy-w-sieci-300x169.webp 300w, https:\/\/solvofilm.com\/wp-content\/uploads\/2026\/02\/Jak-skutecznie-promowac-gotowy-film-reklamowy-w-sieci-1024x576.webp 1024w, https:\/\/solvofilm.com\/wp-content\/uploads\/2026\/02\/Jak-skutecznie-promowac-gotowy-film-reklamowy-w-sieci-18x10.webp 18w, https:\/\/solvofilm.com\/wp-content\/uploads\/2026\/02\/Jak-skutecznie-promowac-gotowy-film-reklamowy-w-sieci.webp 1280w\" sizes=\"(max-width: 768px) 100vw, 768px\"><\/div><\/a>\n\t\t\t\t<div class=\"elementor-post__text\">\n\t\t\t\t<h3 class=\"elementor-post__title\">\n\t\t\t<a href=\"https:\/\/solvofilm.com\/en\/2026\/02\/26\/jak-skutecznie-promowac-gotowy-film-reklamowy\/\" >\n\t\t\t\tJak skutecznie promowa\u0107 gotowy film reklamowy w internecie\t\t\t<\/a>\n\t\t<\/h3>\n\t\t\t\t<div class=\"elementor-post__excerpt\">\n\t\t\t<p>Dowiedz si\u0119, jak zwi\u0119kszy\u0107 zasi\u0119g i zapytania dzi\u0119ki przemy\u015blanej dystrybucji wideo. Sprawd\u017a konkretne kana\u0142y, formaty i dzia\u0142ania, kt\u00f3re realnie dzia\u0142aj\u0105.<\/p>\t\t<\/div>\n\t\t\t\t\t<div class=\"elementor-post__read-more-wrapper\">\n\t\t\n\t\t<a class=\"elementor-post__read-more\" href=\"https:\/\/solvofilm.com\/en\/2026\/02\/26\/jak-skutecznie-promowac-gotowy-film-reklamowy\/\" aria-label=\"Read more about Jak skutecznie promowa\u0107 gotowy film reklamowy w internecie\" tabindex=\"-1\" >\n\t\t\tRead more...\t\t<\/a>\n\n\t\t\t\t\t<\/div>\n\t\t\t\t<\/div>\n\t\t\t\t\t<\/div>\n\t\t<\/article>\n\t\t\t\t<article class=\"elementor-post elementor-grid-item post-7215 post type-post status-publish format-standard has-post-thumbnail hentry category-uncategorized\" role=\"listitem\">\n\t\t\t<div class=\"elementor-post__card\">\n\t\t\t\t<a class=\"elementor-post__thumbnail__link\" href=\"https:\/\/solvofilm.com\/en\/2026\/02\/25\/ile-kosztuje-produkcja-filmu-reklamowego\/\" tabindex=\"-1\" ><div class=\"elementor-post__thumbnail\"><img loading=\"lazy\" decoding=\"async\" width=\"768\" height=\"432\" src=\"https:\/\/solvofilm.com\/wp-content\/uploads\/2026\/02\/Ile-kosztuje-produkcja-filmu-reklamowego-768x432.webp\" class=\"attachment-medium_large size-medium_large wp-image-7220\" alt=\"\" srcset=\"https:\/\/solvofilm.com\/wp-content\/uploads\/2026\/02\/Ile-kosztuje-produkcja-filmu-reklamowego-768x432.webp 768w, https:\/\/solvofilm.com\/wp-content\/uploads\/2026\/02\/Ile-kosztuje-produkcja-filmu-reklamowego-300x169.webp 300w, https:\/\/solvofilm.com\/wp-content\/uploads\/2026\/02\/Ile-kosztuje-produkcja-filmu-reklamowego-1024x576.webp 1024w, https:\/\/solvofilm.com\/wp-content\/uploads\/2026\/02\/Ile-kosztuje-produkcja-filmu-reklamowego-18x10.webp 18w, https:\/\/solvofilm.com\/wp-content\/uploads\/2026\/02\/Ile-kosztuje-produkcja-filmu-reklamowego.webp 1280w\" sizes=\"(max-width: 768px) 100vw, 768px\"><\/div><\/a>\n\t\t\t\t<div class=\"elementor-post__text\">\n\t\t\t\t<h3 class=\"elementor-post__title\">\n\t\t\t<a href=\"https:\/\/solvofilm.com\/en\/2026\/02\/25\/ile-kosztuje-produkcja-filmu-reklamowego\/\" >\n\t\t\t\tIle kosztuje produkcja filmu reklamowego\t\t\t<\/a>\n\t\t<\/h3>\n\t\t\t\t<div class=\"elementor-post__excerpt\">\n\t\t\t<p>Sprawd\u017a, od czego zale\u017cy bud\u017cet produkcji wideo, poznaj realne wide\u0142ki cen i dowiedz si\u0119, jak zaplanowa\u0107 inwestycj\u0119, by pracowa\u0142a na sprzeda\u017c.<\/p>\t\t<\/div>\n\t\t\t\t\t<div class=\"elementor-post__read-more-wrapper\">\n\t\t\n\t\t<a class=\"elementor-post__read-more\" href=\"https:\/\/solvofilm.com\/en\/2026\/02\/25\/ile-kosztuje-produkcja-filmu-reklamowego\/\" aria-label=\"Read more about Ile kosztuje produkcja filmu reklamowego\" tabindex=\"-1\" >\n\t\t\tRead more...\t\t<\/a>\n\n\t\t\t\t\t<\/div>\n\t\t\t\t<\/div>\n\t\t\t\t\t<\/div>\n\t\t<\/article>\n\t\t\t\t<article class=\"elementor-post elementor-grid-item post-7208 post type-post status-publish format-standard has-post-thumbnail hentry category-uncategorized\" role=\"listitem\">\n\t\t\t<div class=\"elementor-post__card\">\n\t\t\t\t<a class=\"elementor-post__thumbnail__link\" href=\"https:\/\/solvofilm.com\/en\/2026\/02\/24\/jak-wybrac-studio-filmowe-do-wspolpracy\/\" tabindex=\"-1\" ><div class=\"elementor-post__thumbnail\"><img loading=\"lazy\" decoding=\"async\" width=\"768\" height=\"432\" src=\"https:\/\/solvofilm.com\/wp-content\/uploads\/2026\/02\/Jak-wybrac-studio-filmowe-do-wspolpracy-768x432.webp\" class=\"attachment-medium_large size-medium_large wp-image-7212\" alt=\"\" srcset=\"https:\/\/solvofilm.com\/wp-content\/uploads\/2026\/02\/Jak-wybrac-studio-filmowe-do-wspolpracy-768x432.webp 768w, https:\/\/solvofilm.com\/wp-content\/uploads\/2026\/02\/Jak-wybrac-studio-filmowe-do-wspolpracy-300x169.webp 300w, https:\/\/solvofilm.com\/wp-content\/uploads\/2026\/02\/Jak-wybrac-studio-filmowe-do-wspolpracy-1024x576.webp 1024w, https:\/\/solvofilm.com\/wp-content\/uploads\/2026\/02\/Jak-wybrac-studio-filmowe-do-wspolpracy-18x10.webp 18w, https:\/\/solvofilm.com\/wp-content\/uploads\/2026\/02\/Jak-wybrac-studio-filmowe-do-wspolpracy.webp 1280w\" sizes=\"(max-width: 768px) 100vw, 768px\"><\/div><\/a>\n\t\t\t\t<div class=\"elementor-post__text\">\n\t\t\t\t<h3 class=\"elementor-post__title\">\n\t\t\t<a href=\"https:\/\/solvofilm.com\/en\/2026\/02\/24\/jak-wybrac-studio-filmowe-do-wspolpracy\/\" >\n\t\t\t\tJak wybra\u0107 studio filmowe do wsp\u00f3\u0142pracy \u2013 na co zwr\u00f3ci\u0107 uwag\u0119\t\t\t<\/a>\n\t\t<\/h3>\n\t\t\t\t<div class=\"elementor-post__excerpt\">\n\t\t\t<p>Jak wybra\u0107 studio, kt\u00f3re realnie wspiera sprzeda\u017c i wizerunek? Sprawd\u017a, na co zwr\u00f3ci\u0107 uwag\u0119 i podejmij decyzj\u0119 \u015bwiadomie. Przeczytaj poradnik.<\/p>\t\t<\/div>\n\t\t\t\t\t<div class=\"elementor-post__read-more-wrapper\">\n\t\t\n\t\t<a class=\"elementor-post__read-more\" href=\"https:\/\/solvofilm.com\/en\/2026\/02\/24\/jak-wybrac-studio-filmowe-do-wspolpracy\/\" aria-label=\"Read more about Jak wybra\u0107 studio filmowe do wsp\u00f3\u0142pracy \u2013 na co zwr\u00f3ci\u0107 uwag\u0119\" tabindex=\"-1\" >\n\t\t\tRead more...\t\t<\/a>\n\n\t\t\t\t\t<\/div>\n\t\t\t\t<\/div>\n\t\t\t\t\t<\/div>\n\t\t<\/article>\n\t\t\t\t<\/div>\n\t\t\n\t\t\t\t<div class=\"e-load-more-anchor\" data-page=\"1\" data-max-page=\"4\" data-next-page=\"https:\/\/solvofilm.com\/en\/wp-json\/wp\/v2\/pages\/42\/page\/2\/\"><\/div>\n\t\t\t\t<nav class=\"elementor-pagination\" aria-label=\"Pagination\">\n\t\t\t<span class=\"page-numbers prev\">&laquo;<\/span>\n<span aria-current=\"page\" class=\"page-numbers current\"><span class=\"elementor-screen-only\">Page<\/span>1<\/span>\n<a class=\"page-numbers\" href=\"https:\/\/solvofilm.com\/en\/wp-json\/wp\/v2\/pages\/42\/page\/2\/\"><span class=\"elementor-screen-only\">Page<\/span>2<\/a>\n<a class=\"page-numbers\" href=\"https:\/\/solvofilm.com\/en\/wp-json\/wp\/v2\/pages\/42\/page\/3\/\"><span class=\"elementor-screen-only\">Page<\/span>3<\/a>\n<a class=\"page-numbers\" href=\"https:\/\/solvofilm.com\/en\/wp-json\/wp\/v2\/pages\/42\/page\/4\/\"><span class=\"elementor-screen-only\">Page<\/span>4<\/a>\n<a class=\"page-numbers next\" href=\"https:\/\/solvofilm.com\/en\/wp-json\/wp\/v2\/pages\/42\/page\/2\/\">&raquo;<\/a>\t\t<\/nav>\n\t\t\t\t\t\t<\/div>\n\t\t\t\t<\/div>\n\t\t\t\t\t<\/div>\n\t\t<\/div>\n\t\t\t\t\t<\/div>\n\t\t<\/section>\n\t\t\t\t<\/div>","protected":false},"excerpt":{"rendered":"<p>Przewodnik po wideo marketingu<\/p>","protected":false},"author":1,"featured_media":0,"parent":0,"menu_order":0,"comment_status":"closed","ping_status":"closed","template":"elementor_header_footer","meta":{"footnotes":""},"class_list":["post-42","page","type-page","status-publish","hentry"],"_links":{"self":[{"href":"https:\/\/solvofilm.com\/en\/wp-json\/wp\/v2\/pages\/42","targetHints":{"allow":["GET"]}}],"collection":[{"href":"https:\/\/solvofilm.com\/en\/wp-json\/wp\/v2\/pages"}],"about":[{"href":"https:\/\/solvofilm.com\/en\/wp-json\/wp\/v2\/types\/page"}],"author":[{"embeddable":true,"href":"https:\/\/solvofilm.com\/en\/wp-json\/wp\/v2\/users\/1"}],"replies":[{"embeddable":true,"href":"https:\/\/solvofilm.com\/en\/wp-json\/wp\/v2\/comments?post=42"}],"version-history":[{"count":176,"href":"https:\/\/solvofilm.com\/en\/wp-json\/wp\/v2\/pages\/42\/revisions"}],"predecessor-version":[{"id":7686,"href":"https:\/\/solvofilm.com\/en\/wp-json\/wp\/v2\/pages\/42\/revisions\/7686"}],"wp:attachment":[{"href":"https:\/\/solvofilm.com\/en\/wp-json\/wp\/v2\/media?parent=42"}],"curies":[{"name":"wp","href":"https:\/\/api.w.org\/{rel}","templated":true}]}}