{"id":54,"date":"2023-06-28T15:28:23","date_gmt":"2023-06-28T15:28:23","guid":{"rendered":"https:\/\/solvofilm.com\/success-stories\/"},"modified":"2026-04-16T22:09:04","modified_gmt":"2026-04-16T22:09:04","slug":"opinie-klientow","status":"publish","type":"page","link":"https:\/\/solvofilm.com\/en\/opinie-klientow\/","title":{"rendered":"Client reviews"},"content":{"rendered":"<div data-elementor-type=\"wp-page\" data-elementor-id=\"54\" class=\"elementor elementor-54\" data-elementor-post-type=\"page\">\n\t\t\t\t\t\t<section class=\"elementor-section elementor-top-section elementor-element elementor-element-8bb1863 elementor-section-content-middle elementor-reverse-mobile elementor-reverse-tablet elementor-section-boxed elementor-section-height-default elementor-section-height-default\" data-id=\"8bb1863\" data-element_type=\"section\" data-e-type=\"section\" data-settings=\"{&quot;background_background&quot;:&quot;classic&quot;}\">\n\t\t\t\t\t\t\t<div class=\"elementor-background-overlay\"><\/div>\n\t\t\t\t\t\t\t<div class=\"elementor-container elementor-column-gap-no\">\n\t\t\t\t\t<div class=\"elementor-column elementor-col-50 elementor-top-column elementor-element elementor-element-1730861\" data-id=\"1730861\" data-element_type=\"column\" data-e-type=\"column\" data-settings=\"{&quot;animation&quot;:&quot;none&quot;}\">\n\t\t\t<div class=\"elementor-widget-wrap elementor-element-populated\">\n\t\t\t\t\t\t<div class=\"elementor-element elementor-element-6ba35d0 elementor-widget elementor-widget-heading\" data-id=\"6ba35d0\" data-element_type=\"widget\" data-e-type=\"widget\" data-widget_type=\"heading.default\">\n\t\t\t\t<div class=\"elementor-widget-container\">\n\t\t\t\t\t<h1 class=\"elementor-heading-title elementor-size-default\">\"Solvo Film services are simply perfectly organized\"<\/h1>\t\t\t\t<\/div>\n\t\t\t\t<\/div>\n\t\t\t\t<div class=\"elementor-element elementor-element-99bee5b elementor-widget elementor-widget-heading\" data-id=\"99bee5b\" data-element_type=\"widget\" data-e-type=\"widget\" data-widget_type=\"heading.default\">\n\t\t\t\t<div class=\"elementor-widget-container\">\n\t\t\t\t\t<h2 class=\"elementor-heading-title elementor-size-default\">We just feel good and - as a podcast should - very calm. Therefore, there is nothing left to do but recommend the services of Solvo Film.<\/h2>\t\t\t\t<\/div>\n\t\t\t\t<\/div>\n\t\t\t\t<div class=\"elementor-element elementor-element-9041df6 elementor-widget elementor-widget-heading\" data-id=\"9041df6\" data-element_type=\"widget\" data-e-type=\"widget\" data-widget_type=\"heading.default\">\n\t\t\t\t<div class=\"elementor-widget-container\">\n\t\t\t\t\t<h4 class=\"elementor-heading-title elementor-size-medium\">Rafa\u0142 Hampel | Internity Home<\/h4>\t\t\t\t<\/div>\n\t\t\t\t<\/div>\n\t\t\t\t\t<\/div>\n\t\t<\/div>\n\t\t\t\t<div class=\"elementor-column elementor-col-50 elementor-top-column elementor-element elementor-element-6ff66bc\" data-id=\"6ff66bc\" data-element_type=\"column\" data-e-type=\"column\" data-settings=\"{&quot;background_background&quot;:&quot;classic&quot;,&quot;animation&quot;:&quot;none&quot;}\">\n\t\t\t<div class=\"elementor-widget-wrap elementor-element-populated\">\n\t\t\t\t\t\t<div class=\"elementor-element elementor-element-15d09a8 elementor-widget elementor-widget-video\" data-id=\"15d09a8\" data-element_type=\"widget\" data-e-type=\"widget\" data-settings=\"{&quot;youtube_url&quot;:&quot;https:\\\/\\\/youtu.be\\\/KgKLOecOi8E&quot;,&quot;image_overlay&quot;:{&quot;url&quot;:&quot;https:\\\/\\\/solvofilm.com\\\/wp-content\\\/uploads\\\/2023\\\/09\\\/Rafal-Hampel-Internity-Home.webp&quot;,&quot;id&quot;:2182,&quot;size&quot;:&quot;&quot;,&quot;alt&quot;:&quot;M\\u0119\\u017cczyna nagrywa swoje wyst\\u0105pienie na tle pr\\u00f3bnik\\u00f3w tkanin.&quot;,&quot;source&quot;:&quot;library&quot;},&quot;show_image_overlay&quot;:&quot;yes&quot;,&quot;_animation&quot;:&quot;none&quot;,&quot;video_type&quot;:&quot;youtube&quot;}\" data-widget_type=\"video.default\">\n\t\t\t\t<div class=\"elementor-widget-container\">\n\t\t\t\t\t\t\t<div class=\"elementor-wrapper elementor-open-inline\">\n\t\t\t<div class=\"elementor-video\"><\/div>\t\t\t\t<div class=\"elementor-custom-embed-image-overlay\" style=\"background-image: url(https:\/\/solvofilm.com\/wp-content\/uploads\/2023\/09\/Rafal-Hampel-Internity-Home.webp);\">\n\t\t\t\t\t\t\t\t\t\t\t\t\t\t\t\t<div class=\"elementor-custom-embed-play\" role=\"button\" aria-label=\"Play Video about M\u0119\u017cczyna nagrywa swoje wyst\u0105pienie na tle pr\u00f3bnik\u00f3w tkanin.\" tabindex=\"0\">\n\t\t\t\t\t\t\t<i aria-hidden=\"true\" class=\"fas fa-play-circle\"><\/i>\t\t\t\t\t\t<\/div>\n\t\t\t\t\t\t\t\t\t<\/div>\n\t\t\t\t\t<\/div>\n\t\t\t\t\t\t<\/div>\n\t\t\t\t<\/div>\n\t\t\t\t\t<\/div>\n\t\t<\/div>\n\t\t\t\t\t<\/div>\n\t\t<\/section>\n\t\t\t\t<section class=\"elementor-section elementor-top-section elementor-element elementor-element-91997af elementor-section-boxed elementor-section-height-default elementor-section-height-default\" data-id=\"91997af\" data-element_type=\"section\" data-e-type=\"section\">\n\t\t\t\t\t\t<div class=\"elementor-container elementor-column-gap-custom\">\n\t\t\t\t\t<div class=\"elementor-column elementor-col-50 elementor-top-column elementor-element elementor-element-8f14084\" data-id=\"8f14084\" data-element_type=\"column\" data-e-type=\"column\">\n\t\t\t<div class=\"elementor-widget-wrap elementor-element-populated\">\n\t\t\t\t\t\t<div class=\"elementor-element elementor-element-1f1d349 elementor-widget-mobile__width-initial elementor-widget elementor-widget-testimonial\" data-id=\"1f1d349\" data-element_type=\"widget\" data-e-type=\"widget\" data-settings=\"{&quot;_animation&quot;:&quot;none&quot;}\" data-widget_type=\"testimonial.default\">\n\t\t\t\t<div class=\"elementor-widget-container\">\n\t\t\t\t\t\t\t<div class=\"elementor-testimonial-wrapper\">\n\t\t\t\t\t\t\t<div class=\"elementor-testimonial-content\">The commercials prepared for us are top quality, polished in every detail, modern and perfectly aligned with our brand. The Solvo Film team has a great sense of aesthetics and knows how to turn a client\u2019s vision into engaging content. Communication, timing and creativity were excellent. Highly recommended.<\/div>\n\t\t\t\n\t\t\t\t\t\t<div class=\"elementor-testimonial-meta elementor-has-image elementor-testimonial-image-position-aside\">\n\t\t\t\t<div class=\"elementor-testimonial-meta-inner\">\n\t\t\t\t\t\t\t\t\t\t\t<div class=\"elementor-testimonial-image\">\n\t\t\t\t\t\t\t<img decoding=\"async\" width=\"144\" height=\"144\" src=\"https:\/\/solvofilm.com\/wp-content\/uploads\/2025\/10\/unnamed.png\" class=\"attachment-full size-full wp-image-6306\" alt=\"\" srcset=\"https:\/\/solvofilm.com\/wp-content\/uploads\/2025\/10\/unnamed.png 144w, https:\/\/solvofilm.com\/wp-content\/uploads\/2025\/10\/unnamed-12x12.png 12w\" sizes=\"(max-width: 144px) 100vw, 144px\" \/>\t\t\t\t\t\t<\/div>\n\t\t\t\t\t\n\t\t\t\t\t\t\t\t\t\t<div class=\"elementor-testimonial-details\">\n\t\t\t\t\t\t\t\t\t\t\t\t\t\t<div class=\"elementor-testimonial-name\">Katarzyna Gancarz | Unit4Men<\/div>\n\t\t\t\t\t\t\t\t\t\t\t\t\t\t\t\t\t\t\t<\/div>\n\t\t\t\t\t\t\t\t\t<\/div>\n\t\t\t<\/div>\n\t\t\t\t\t<\/div>\n\t\t\t\t\t\t<\/div>\n\t\t\t\t<\/div>\n\t\t\t\t\t<\/div>\n\t\t<\/div>\n\t\t\t\t<div class=\"elementor-column elementor-col-50 elementor-top-column elementor-element elementor-element-23879b3\" data-id=\"23879b3\" data-element_type=\"column\" data-e-type=\"column\">\n\t\t\t<div class=\"elementor-widget-wrap elementor-element-populated\">\n\t\t\t\t\t\t<div class=\"elementor-element elementor-element-0c21d78 elementor-widget-mobile__width-initial elementor-widget elementor-widget-testimonial\" data-id=\"0c21d78\" data-element_type=\"widget\" data-e-type=\"widget\" data-settings=\"{&quot;_animation&quot;:&quot;none&quot;}\" data-widget_type=\"testimonial.default\">\n\t\t\t\t<div class=\"elementor-widget-container\">\n\t\t\t\t\t\t\t<div class=\"elementor-testimonial-wrapper\">\n\t\t\t\t\t\t\t<div class=\"elementor-testimonial-content\">A very productive collaboration. We needed a film crew for our conference to record the talks and handle post production, plus a summary video that showed what happened and included participant comments. Everything was well organised and the cooperation during the event went smoothly in a great atmosphere. All deadlines were met.<\/div>\n\t\t\t\n\t\t\t\t\t\t<div class=\"elementor-testimonial-meta elementor-has-image elementor-testimonial-image-position-aside\">\n\t\t\t\t<div class=\"elementor-testimonial-meta-inner\">\n\t\t\t\t\t\t\t\t\t\t\t<div class=\"elementor-testimonial-image\">\n\t\t\t\t\t\t\t<img fetchpriority=\"high\" decoding=\"async\" width=\"300\" height=\"300\" src=\"https:\/\/solvofilm.com\/wp-content\/uploads\/2024\/01\/Kamil_Mazur.webp\" class=\"attachment-full size-full wp-image-2752\" alt=\"M\u0119\u017cczyzna patrzy wprost w kamer\u0119.\" srcset=\"https:\/\/solvofilm.com\/wp-content\/uploads\/2024\/01\/Kamil_Mazur.webp 300w, https:\/\/solvofilm.com\/wp-content\/uploads\/2024\/01\/Kamil_Mazur-150x150.webp 150w, https:\/\/solvofilm.com\/wp-content\/uploads\/2024\/01\/Kamil_Mazur-12x12.webp 12w\" sizes=\"(max-width: 300px) 100vw, 300px\" \/>\t\t\t\t\t\t<\/div>\n\t\t\t\t\t\n\t\t\t\t\t\t\t\t\t\t<div class=\"elementor-testimonial-details\">\n\t\t\t\t\t\t\t\t\t\t\t\t\t\t<div class=\"elementor-testimonial-name\">Kamil Mazur | Tradedoubler<\/div>\n\t\t\t\t\t\t\t\t\t\t\t\t\t\t\t\t\t\t\t<\/div>\n\t\t\t\t\t\t\t\t\t<\/div>\n\t\t\t<\/div>\n\t\t\t\t\t<\/div>\n\t\t\t\t\t\t<\/div>\n\t\t\t\t<\/div>\n\t\t\t\t\t<\/div>\n\t\t<\/div>\n\t\t\t\t\t<\/div>\n\t\t<\/section>\n\t\t\t\t<\/div>","protected":false},"excerpt":{"rendered":"<p>&#8222;Us\u0142ugi Solvo Film s\u0105 po prostu \u015bwietnie zorganizowane&#8221; Czujemy si\u0119 po prostu dobrze i jak na podcast przysta\u0142o bardzo spokojnie. Zatem nie pozostaje nic innego jak tylko zarekomendowa\u0107 us\u0142ugi firmy Solvo Film. Rafa\u0142 Hampel | Internity Home Filmy reklamowe, kt\u00f3re dla nas przygotowali, s\u0105 na najwy\u017cszym poziomie, dopracowane w ka\u017cdym szczeg\u00f3le, nowoczesne i idealnie oddaj\u0105ce [&hellip;]<\/p>\n","protected":false},"author":1,"featured_media":0,"parent":0,"menu_order":0,"comment_status":"closed","ping_status":"closed","template":"elementor_header_footer","meta":{"footnotes":""},"class_list":["post-54","page","type-page","status-publish","hentry"],"_links":{"self":[{"href":"https:\/\/solvofilm.com\/en\/wp-json\/wp\/v2\/pages\/54","targetHints":{"allow":["GET"]}}],"collection":[{"href":"https:\/\/solvofilm.com\/en\/wp-json\/wp\/v2\/pages"}],"about":[{"href":"https:\/\/solvofilm.com\/en\/wp-json\/wp\/v2\/types\/page"}],"author":[{"embeddable":true,"href":"https:\/\/solvofilm.com\/en\/wp-json\/wp\/v2\/users\/1"}],"replies":[{"embeddable":true,"href":"https:\/\/solvofilm.com\/en\/wp-json\/wp\/v2\/comments?post=54"}],"version-history":[{"count":330,"href":"https:\/\/solvofilm.com\/en\/wp-json\/wp\/v2\/pages\/54\/revisions"}],"predecessor-version":[{"id":7680,"href":"https:\/\/solvofilm.com\/en\/wp-json\/wp\/v2\/pages\/54\/revisions\/7680"}],"wp:attachment":[{"href":"https:\/\/solvofilm.com\/en\/wp-json\/wp\/v2\/media?parent=54"}],"curies":[{"name":"wp","href":"https:\/\/api.w.org\/{rel}","templated":true}]}}